{"id":63,"date":"2026-01-19T15:33:49","date_gmt":"2026-01-19T15:33:49","guid":{"rendered":"https:\/\/lille-audioprothesiste.com\/?page_id=63"},"modified":"2026-01-19T15:35:09","modified_gmt":"2026-01-19T15:35:09","slug":"mentions-legales","status":"publish","type":"page","link":"https:\/\/lille-audioprothesiste.com\/?page_id=63","title":{"rendered":"Mentions l\u00e9gales"},"content":{"rendered":"\n<p>Conform\u00e9ment aux dispositions des articles 6-III et 19 de la Loi n\u00b02004-575 du 21 juin 2004 pour la Confiance dans l\u2019\u00e9conomie num\u00e9rique (LCEN), il est pr\u00e9cis\u00e9 aux utilisateurs du site Lille Audioprothesiste l\u2019identit\u00e9 des diff\u00e9rents intervenants dans le cadre de sa r\u00e9alisation et de son suivi.<\/p>\n\n\n\n<h2 class=\"wp-block-heading\">1. \u00c9diteur du site<\/h2>\n\n\n\n<p>Com and Design<br>Soci\u00e9t\u00e9 \u00e0 responsabilit\u00e9 limit\u00e9<br>Adresse : 24 rue du fond campion \u2013 62123 HABARCQ<br>T\u00e9l\u00e9phone :&nbsp;<a href=\"tel:tel:09 62 58 44 65\">09 62 58 44 65<\/a><br>Email : hello@comanddesign.com<br>SIRET : 50356869300033<br>Responsable de la publication : Thierry FOUQUART<\/p>\n\n\n\n<h2 class=\"wp-block-heading\">2. H\u00e9bergement<\/h2>\n\n\n\n<p>Le site est h\u00e9berg\u00e9 par : OVH<br>Adresse : 2 Rue Kellermann, 59100 Roubaix<br>Site Web :&nbsp;www.ovh.com<\/p>\n\n\n\n<h2 class=\"wp-block-heading\">3. Propri\u00e9t\u00e9 intellectuelle<\/h2>\n\n\n\n<p>L\u2019ensemble des \u00e9l\u00e9ments pr\u00e9sents sur le site (textes, images, graphismes, logo, ic\u00f4nes, sons, logiciels, etc.) sont la propri\u00e9t\u00e9 exclusive de Com and Design, sauf mentions contraires.<\/p>\n\n\n\n<p>Toute reproduction, repr\u00e9sentation, modification, publication, adaptation de tout ou partie des \u00e9l\u00e9ments du site, quel que soit le moyen ou le proc\u00e9d\u00e9 utilis\u00e9, est interdite, sauf autorisation \u00e9crite pr\u00e9alable.<\/p>\n\n\n\n<h2 class=\"wp-block-heading\">4. Limitation de responsabilit\u00e9<\/h2>\n\n\n\n<p>Com and Design s\u2019efforce de fournir sur le site des informations aussi pr\u00e9cises que possible. Toutefois, elle ne pourra \u00eatre tenue responsable des omissions, des inexactitudes et des carences dans la mise \u00e0 jour.<\/p>\n\n\n\n<p>Le site peut contenir des liens hypertextes vers d\u2019autres sites, mis en place avec l\u2019autorisation de Com and Design. N\u00e9anmoins, Com and Design n\u2019a pas la possibilit\u00e9 de v\u00e9rifier le contenu des sites ainsi visit\u00e9s, et n\u2019assumera en cons\u00e9quence aucune responsabilit\u00e9 de ce fait.<\/p>\n\n\n\n<h2 class=\"wp-block-heading\">5. Donn\u00e9es personnelles et cookies<\/h2>\n\n\n\n<p>Com and Design collecte des donn\u00e9es personnelles via ses formulaires de contact. Ces donn\u00e9es sont utilis\u00e9es uniquement pour r\u00e9pondre aux demandes des utilisateurs, et ne sont jamais revendues \u00e0 des tiers.<\/p>\n\n\n\n<p>Conform\u00e9ment au R\u00e8glement G\u00e9n\u00e9ral sur la Protection des Donn\u00e9es (RGPD), vous disposez d\u2019un droit d\u2019acc\u00e8s, de rectification, d\u2019opposition, de suppression et de portabilit\u00e9 de vos donn\u00e9es. Pour exercer ce droit, vous pouvez envoyer votre demande \u00e0 : hello@comanddesign.com<\/p>\n\n\n\n<p>Le site peut \u00eatre amen\u00e9 \u00e0 d\u00e9poser des cookies \u00e0 des fins de mesure d\u2019audience ou d\u2019am\u00e9lioration de la navigation. Vous pouvez accepter ou refuser les cookies lors de votre visite.<\/p>\n\n\n\n<h2 class=\"wp-block-heading\">6. Droit applicable et attribution de juridiction<\/h2>\n\n\n\n<p>Tout litige en relation avec l\u2019utilisation du site www.comanddesign.fr est soumis au droit fran\u00e7ais. Il est fait attribution exclusive de juridiction aux tribunaux comp\u00e9tents d\u2019Arras.<\/p>\n","protected":false},"excerpt":{"rendered":"<p>Conform\u00e9ment aux dispositions des articles 6-III et 19 de la Loi n\u00b02004-575 du 21 juin 2004 pour la Confiance dans l\u2019\u00e9conomie num\u00e9rique (LCEN), il est pr\u00e9cis\u00e9 aux utilisateurs du site Lille Audioprothesiste l\u2019identit\u00e9 des diff\u00e9rents intervenants dans le cadre de sa r\u00e9alisation et de son suivi. 1. \u00c9diteur du site Com and DesignSoci\u00e9t\u00e9 \u00e0 responsabilit\u00e9 [&hellip;]<\/p>\n","protected":false},"author":1,"featured_media":0,"parent":0,"menu_order":0,"comment_status":"closed","ping_status":"closed","template":"","meta":{"footnotes":""},"class_list":["post-63","page","type-page","status-publish","hentry"],"yoast_head":"<!-- This site is optimized with the Yoast SEO plugin v26.7 - https:\/\/yoast.com\/wordpress\/plugins\/seo\/ -->\n<title>Mentions l\u00e9gales - Lille Audioprothesiste<\/title>\n<meta name=\"robots\" content=\"index, follow, max-snippet:-1, max-image-preview:large, max-video-preview:-1\" \/>\n<link rel=\"canonical\" href=\"https:\/\/lille-audioprothesiste.com\/?page_id=63\" \/>\n<meta property=\"og:locale\" content=\"fr_FR\" \/>\n<meta property=\"og:type\" content=\"article\" \/>\n<meta property=\"og:title\" content=\"Mentions l\u00e9gales - Lille Audioprothesiste\" \/>\n<meta property=\"og:description\" content=\"Conform\u00e9ment aux dispositions des articles 6-III et 19 de la Loi n\u00b02004-575 du 21 juin 2004 pour la Confiance dans l\u2019\u00e9conomie num\u00e9rique (LCEN), il est pr\u00e9cis\u00e9 aux utilisateurs du site Lille Audioprothesiste l\u2019identit\u00e9 des diff\u00e9rents intervenants dans le cadre de sa r\u00e9alisation et de son suivi. 1. \u00c9diteur du site Com and DesignSoci\u00e9t\u00e9 \u00e0 responsabilit\u00e9 [&hellip;]\" \/>\n<meta property=\"og:url\" content=\"https:\/\/lille-audioprothesiste.com\/?page_id=63\" \/>\n<meta property=\"og:site_name\" content=\"Lille Audioprothesiste\" \/>\n<meta property=\"article:modified_time\" content=\"2026-01-19T15:35:09+00:00\" \/>\n<meta name=\"twitter:card\" content=\"summary_large_image\" \/>\n<meta name=\"twitter:label1\" content=\"Dur\u00e9e de lecture estim\u00e9e\" \/>\n\t<meta name=\"twitter:data1\" content=\"2 minutes\" \/>\n<script type=\"application\/ld+json\" class=\"yoast-schema-graph\">{\"@context\":\"https:\/\/schema.org\",\"@graph\":[{\"@type\":\"WebPage\",\"@id\":\"https:\/\/lille-audioprothesiste.com\/?page_id=63\",\"url\":\"https:\/\/lille-audioprothesiste.com\/?page_id=63\",\"name\":\"Mentions l\u00e9gales - Lille Audioprothesiste\",\"isPartOf\":{\"@id\":\"https:\/\/lille-audioprothesiste.com\/#website\"},\"datePublished\":\"2026-01-19T15:33:49+00:00\",\"dateModified\":\"2026-01-19T15:35:09+00:00\",\"breadcrumb\":{\"@id\":\"https:\/\/lille-audioprothesiste.com\/?page_id=63#breadcrumb\"},\"inLanguage\":\"fr-FR\",\"potentialAction\":[{\"@type\":\"ReadAction\",\"target\":[\"https:\/\/lille-audioprothesiste.com\/?page_id=63\"]}]},{\"@type\":\"BreadcrumbList\",\"@id\":\"https:\/\/lille-audioprothesiste.com\/?page_id=63#breadcrumb\",\"itemListElement\":[{\"@type\":\"ListItem\",\"position\":1,\"name\":\"Accueil\",\"item\":\"https:\/\/lille-audioprothesiste.com\/\"},{\"@type\":\"ListItem\",\"position\":2,\"name\":\"Mentions l\u00e9gales\"}]},{\"@type\":\"WebSite\",\"@id\":\"https:\/\/lille-audioprothesiste.com\/#website\",\"url\":\"https:\/\/lille-audioprothesiste.com\/\",\"name\":\"Lille Audioprothesiste\",\"description\":\"\",\"publisher\":{\"@id\":\"https:\/\/lille-audioprothesiste.com\/#organization\"},\"potentialAction\":[{\"@type\":\"SearchAction\",\"target\":{\"@type\":\"EntryPoint\",\"urlTemplate\":\"https:\/\/lille-audioprothesiste.com\/?s={search_term_string}\"},\"query-input\":{\"@type\":\"PropertyValueSpecification\",\"valueRequired\":true,\"valueName\":\"search_term_string\"}}],\"inLanguage\":\"fr-FR\"},{\"@type\":\"Organization\",\"@id\":\"https:\/\/lille-audioprothesiste.com\/#organization\",\"name\":\"Lille Audioprothesiste\",\"url\":\"https:\/\/lille-audioprothesiste.com\/\",\"logo\":{\"@type\":\"ImageObject\",\"inLanguage\":\"fr-FR\",\"@id\":\"https:\/\/lille-audioprothesiste.com\/#\/schema\/logo\/image\/\",\"url\":\"https:\/\/lille-audioprothesiste.com\/wp-content\/uploads\/2026\/01\/cropped-Audio-2000-audioprothesiste.png\",\"contentUrl\":\"https:\/\/lille-audioprothesiste.com\/wp-content\/uploads\/2026\/01\/cropped-Audio-2000-audioprothesiste.png\",\"width\":334,\"height\":96,\"caption\":\"Lille Audioprothesiste\"},\"image\":{\"@id\":\"https:\/\/lille-audioprothesiste.com\/#\/schema\/logo\/image\/\"}}]}<\/script>\n<!-- \/ Yoast SEO plugin. -->","yoast_head_json":{"title":"Mentions l\u00e9gales - Lille Audioprothesiste","robots":{"index":"index","follow":"follow","max-snippet":"max-snippet:-1","max-image-preview":"max-image-preview:large","max-video-preview":"max-video-preview:-1"},"canonical":"https:\/\/lille-audioprothesiste.com\/?page_id=63","og_locale":"fr_FR","og_type":"article","og_title":"Mentions l\u00e9gales - Lille Audioprothesiste","og_description":"Conform\u00e9ment aux dispositions des articles 6-III et 19 de la Loi n\u00b02004-575 du 21 juin 2004 pour la Confiance dans l\u2019\u00e9conomie num\u00e9rique (LCEN), il est pr\u00e9cis\u00e9 aux utilisateurs du site Lille Audioprothesiste l\u2019identit\u00e9 des diff\u00e9rents intervenants dans le cadre de sa r\u00e9alisation et de son suivi. 1. \u00c9diteur du site Com and DesignSoci\u00e9t\u00e9 \u00e0 responsabilit\u00e9 [&hellip;]","og_url":"https:\/\/lille-audioprothesiste.com\/?page_id=63","og_site_name":"Lille Audioprothesiste","article_modified_time":"2026-01-19T15:35:09+00:00","twitter_card":"summary_large_image","twitter_misc":{"Dur\u00e9e de lecture estim\u00e9e":"2 minutes"},"schema":{"@context":"https:\/\/schema.org","@graph":[{"@type":"WebPage","@id":"https:\/\/lille-audioprothesiste.com\/?page_id=63","url":"https:\/\/lille-audioprothesiste.com\/?page_id=63","name":"Mentions l\u00e9gales - Lille Audioprothesiste","isPartOf":{"@id":"https:\/\/lille-audioprothesiste.com\/#website"},"datePublished":"2026-01-19T15:33:49+00:00","dateModified":"2026-01-19T15:35:09+00:00","breadcrumb":{"@id":"https:\/\/lille-audioprothesiste.com\/?page_id=63#breadcrumb"},"inLanguage":"fr-FR","potentialAction":[{"@type":"ReadAction","target":["https:\/\/lille-audioprothesiste.com\/?page_id=63"]}]},{"@type":"BreadcrumbList","@id":"https:\/\/lille-audioprothesiste.com\/?page_id=63#breadcrumb","itemListElement":[{"@type":"ListItem","position":1,"name":"Accueil","item":"https:\/\/lille-audioprothesiste.com\/"},{"@type":"ListItem","position":2,"name":"Mentions l\u00e9gales"}]},{"@type":"WebSite","@id":"https:\/\/lille-audioprothesiste.com\/#website","url":"https:\/\/lille-audioprothesiste.com\/","name":"Lille Audioprothesiste","description":"","publisher":{"@id":"https:\/\/lille-audioprothesiste.com\/#organization"},"potentialAction":[{"@type":"SearchAction","target":{"@type":"EntryPoint","urlTemplate":"https:\/\/lille-audioprothesiste.com\/?s={search_term_string}"},"query-input":{"@type":"PropertyValueSpecification","valueRequired":true,"valueName":"search_term_string"}}],"inLanguage":"fr-FR"},{"@type":"Organization","@id":"https:\/\/lille-audioprothesiste.com\/#organization","name":"Lille Audioprothesiste","url":"https:\/\/lille-audioprothesiste.com\/","logo":{"@type":"ImageObject","inLanguage":"fr-FR","@id":"https:\/\/lille-audioprothesiste.com\/#\/schema\/logo\/image\/","url":"https:\/\/lille-audioprothesiste.com\/wp-content\/uploads\/2026\/01\/cropped-Audio-2000-audioprothesiste.png","contentUrl":"https:\/\/lille-audioprothesiste.com\/wp-content\/uploads\/2026\/01\/cropped-Audio-2000-audioprothesiste.png","width":334,"height":96,"caption":"Lille Audioprothesiste"},"image":{"@id":"https:\/\/lille-audioprothesiste.com\/#\/schema\/logo\/image\/"}}]}},"_links":{"self":[{"href":"https:\/\/lille-audioprothesiste.com\/index.php?rest_route=\/wp\/v2\/pages\/63","targetHints":{"allow":["GET"]}}],"collection":[{"href":"https:\/\/lille-audioprothesiste.com\/index.php?rest_route=\/wp\/v2\/pages"}],"about":[{"href":"https:\/\/lille-audioprothesiste.com\/index.php?rest_route=\/wp\/v2\/types\/page"}],"author":[{"embeddable":true,"href":"https:\/\/lille-audioprothesiste.com\/index.php?rest_route=\/wp\/v2\/users\/1"}],"replies":[{"embeddable":true,"href":"https:\/\/lille-audioprothesiste.com\/index.php?rest_route=%2Fwp%2Fv2%2Fcomments&post=63"}],"version-history":[{"count":2,"href":"https:\/\/lille-audioprothesiste.com\/index.php?rest_route=\/wp\/v2\/pages\/63\/revisions"}],"predecessor-version":[{"id":66,"href":"https:\/\/lille-audioprothesiste.com\/index.php?rest_route=\/wp\/v2\/pages\/63\/revisions\/66"}],"wp:attachment":[{"href":"https:\/\/lille-audioprothesiste.com\/index.php?rest_route=%2Fwp%2Fv2%2Fmedia&parent=63"}],"curies":[{"name":"wp","href":"https:\/\/api.w.org\/{rel}","templated":true}]}}